{"id":228,"date":"2025-12-31T11:50:03","date_gmt":"2025-12-31T11:50:03","guid":{"rendered":"https:\/\/romainbrunet.com\/?page_id=228"},"modified":"2025-12-31T11:50:03","modified_gmt":"2025-12-31T11:50:03","slug":"tour-des-perics","status":"publish","type":"page","link":"https:\/\/romainbrunet.com\/index.php\/tour-des-perics\/","title":{"rendered":"Tour des p\u00e9rics"},"content":{"rendered":"\n<p><strong>Tour des P\u00e9rics \u2013 Itin\u00e9rance en refuge<\/strong><\/p>\n\n\n\n<p>Direction les Pyr\u00e9n\u00e9es pour ce tour entre Pyr\u00e9n\u00e9es-Orientales et Ari\u00e8ge. Les P\u00e9rics sont une chaine de montagne du Capcir, abrupte et sauvage, dont nous ferons le tour en 4 jours de marche, coup\u00e9 de la civilisation. Au pied des hauts sommets, le relief y est plus doux, et nous marcherons dans de grandes vall\u00e9es o\u00f9 paissent les troupeaux de chevaux, et \u00e0 travers de grands lacs entour\u00e9s de pins. Ces paysages ont valu \u00e0 la r\u00e9gion le surnom de \u00ab&nbsp;petit canada&nbsp;\u00bb. Nuits en refuge.<\/p>\n\n\n\n<p>Dates possibles de juin \u00e0 septembre \u2013 S\u00e9jour de 4 \u00e0 6 jours<\/p>\n","protected":false},"excerpt":{"rendered":"<p>Tour des P\u00e9rics \u2013 Itin\u00e9rance en refuge Direction les Pyr\u00e9n\u00e9es pour ce tour entre Pyr\u00e9n\u00e9es-Orientales&hellip;<\/p>\n","protected":false},"author":1,"featured_media":0,"parent":0,"menu_order":0,"comment_status":"closed","ping_status":"closed","template":"","meta":{"footnotes":""},"class_list":["post-228","page","type-page","status-publish","hentry"],"_links":{"self":[{"href":"https:\/\/romainbrunet.com\/index.php\/wp-json\/wp\/v2\/pages\/228","targetHints":{"allow":["GET"]}}],"collection":[{"href":"https:\/\/romainbrunet.com\/index.php\/wp-json\/wp\/v2\/pages"}],"about":[{"href":"https:\/\/romainbrunet.com\/index.php\/wp-json\/wp\/v2\/types\/page"}],"author":[{"embeddable":true,"href":"https:\/\/romainbrunet.com\/index.php\/wp-json\/wp\/v2\/users\/1"}],"replies":[{"embeddable":true,"href":"https:\/\/romainbrunet.com\/index.php\/wp-json\/wp\/v2\/comments?post=228"}],"version-history":[{"count":1,"href":"https:\/\/romainbrunet.com\/index.php\/wp-json\/wp\/v2\/pages\/228\/revisions"}],"predecessor-version":[{"id":229,"href":"https:\/\/romainbrunet.com\/index.php\/wp-json\/wp\/v2\/pages\/228\/revisions\/229"}],"wp:attachment":[{"href":"https:\/\/romainbrunet.com\/index.php\/wp-json\/wp\/v2\/media?parent=228"}],"curies":[{"name":"wp","href":"https:\/\/api.w.org\/{rel}","templated":true}]}}