{"id":21,"date":"2025-09-02T13:38:09","date_gmt":"2025-09-02T13:38:09","guid":{"rendered":"http:\/\/romainbrunet.com\/?page_id=21"},"modified":"2026-01-04T20:19:58","modified_gmt":"2026-01-04T20:19:58","slug":"contes","status":"publish","type":"page","link":"https:\/\/romainbrunet.com\/index.php\/contes\/","title":{"rendered":"Contes &amp; L\u00e9gendes"},"content":{"rendered":"\n<div class=\"wp-block-columns is-layout-flex wp-container-core-columns-is-layout-28f84493 wp-block-columns-is-layout-flex\">\n<div class=\"wp-block-column is-layout-flow wp-block-column-is-layout-flow\" style=\"flex-basis:50%\">\n<blockquote class=\"wp-block-quote is-layout-flow wp-block-quote-is-layout-flow\">\n<p class=\"has-text-align-center\"><em>Bien avant l\u2019\u00e9criture, le conte fait partie de notre histoire commune. Raconter des histoires, c\u2019est faire revivre les instants suspendus de l&#8217;Humanit\u00e9 tremblante autour du feu. C\u2019est r\u00eaver, c\u2019est oublier un temps notre passage \u00e9ph\u00e9m\u00e8re et notre fragilit\u00e9 dans ce monde. La sagesse des contes est universelle, elle enseigne et elle soigne, elle apaise et interroge.&nbsp;Le conte est intemporel&nbsp;: la m\u00e9moire pour le pass\u00e9, la voix pour le pr\u00e9sent et l\u2019imagination pour le futur\u2026<\/em><\/p>\n<\/blockquote>\n\n\n\n<figure class=\"wp-block-image aligncenter is-resized is-style-default\"><img loading=\"lazy\" decoding=\"async\" width=\"242\" height=\"258\" src=\"https:\/\/romainbrunet.com\/wp-content\/uploads\/2025\/12\/conteur_dessin.png\" alt=\"\" class=\"wp-image-93\" style=\"aspect-ratio:0.938020325045228;width:227px;height:auto\"\/><\/figure>\n\n\n\n<p class=\"has-text-align-center\">Autour d&#8217;un feu de camp en pleine nature par une nuit \u00e9toil\u00e9e ou \u00e0 la veill\u00e9e d&#8217;une soir\u00e9e d&#8217;hiver, install\u00e9 sur des couvertures dans une ambiance tamis\u00e9e, laissez-vous emporter par les histoires de jadis, les l\u00e9gendes locales ou plus lointaines, et voyagez, r\u00eavez&#8230;<\/p>\n\n\n\n<p class=\"has-text-align-center\">Je vous propose un moment contes &amp; l\u00e9gendes, dans le cadre d&#8217;une balade en montagne \u00e0 la demie-journ\u00e9e ou dans le cadre d&#8217;une soir\u00e9e.&nbsp;<\/p>\n<\/div>\n<\/div>\n\n\n\n<figure class=\"wp-block-gallery aligncenter has-nested-images columns-2 is-cropped wp-block-gallery-1 is-layout-flex wp-block-gallery-is-layout-flex\">\n<figure class=\"wp-block-image size-medium\"><img loading=\"lazy\" decoding=\"async\" width=\"169\" height=\"300\" data-id=\"114\" src=\"https:\/\/romainbrunet.com\/wp-content\/uploads\/2025\/12\/IMG_9930-169x300.jpg\" alt=\"\" class=\"wp-image-114\" style=\"aspect-ratio:1\" srcset=\"https:\/\/romainbrunet.com\/wp-content\/uploads\/2025\/12\/IMG_9930-169x300.jpg 169w, https:\/\/romainbrunet.com\/wp-content\/uploads\/2025\/12\/IMG_9930-576x1024.jpg 576w, https:\/\/romainbrunet.com\/wp-content\/uploads\/2025\/12\/IMG_9930-768x1366.jpg 768w, https:\/\/romainbrunet.com\/wp-content\/uploads\/2025\/12\/IMG_9930-864x1536.jpg 864w, https:\/\/romainbrunet.com\/wp-content\/uploads\/2025\/12\/IMG_9930.jpg 899w\" sizes=\"auto, (max-width: 169px) 100vw, 169px\" \/><\/figure>\n\n\n\n<figure class=\"wp-block-image size-medium\"><img loading=\"lazy\" decoding=\"async\" width=\"300\" height=\"225\" data-id=\"112\" src=\"https:\/\/romainbrunet.com\/wp-content\/uploads\/2025\/12\/IMG_3679-300x225.jpg\" alt=\"\" class=\"wp-image-112\" style=\"aspect-ratio:1\" srcset=\"https:\/\/romainbrunet.com\/wp-content\/uploads\/2025\/12\/IMG_3679-300x225.jpg 300w, https:\/\/romainbrunet.com\/wp-content\/uploads\/2025\/12\/IMG_3679-768x576.jpg 768w, https:\/\/romainbrunet.com\/wp-content\/uploads\/2025\/12\/IMG_3679.jpg 1024w\" sizes=\"auto, (max-width: 300px) 100vw, 300px\" \/><\/figure>\n\n\n\n<figure class=\"wp-block-image size-medium\"><img loading=\"lazy\" decoding=\"async\" width=\"225\" height=\"300\" data-id=\"106\" src=\"https:\/\/romainbrunet.com\/wp-content\/uploads\/2025\/12\/IMG_20220924_151029061-225x300.jpg\" alt=\"\" class=\"wp-image-106\" style=\"aspect-ratio:1\" srcset=\"https:\/\/romainbrunet.com\/wp-content\/uploads\/2025\/12\/IMG_20220924_151029061-225x300.jpg 225w, https:\/\/romainbrunet.com\/wp-content\/uploads\/2025\/12\/IMG_20220924_151029061-768x1024.jpg 768w, https:\/\/romainbrunet.com\/wp-content\/uploads\/2025\/12\/IMG_20220924_151029061-1152x1536.jpg 1152w, https:\/\/romainbrunet.com\/wp-content\/uploads\/2025\/12\/IMG_20220924_151029061-1536x2048.jpg 1536w, https:\/\/romainbrunet.com\/wp-content\/uploads\/2025\/12\/IMG_20220924_151029061-scaled.jpg 1920w\" sizes=\"auto, (max-width: 225px) 100vw, 225px\" \/><\/figure>\n\n\n\n<figure class=\"wp-block-image size-medium is-style-default\"><img loading=\"lazy\" decoding=\"async\" width=\"300\" height=\"289\" data-id=\"97\" src=\"https:\/\/romainbrunet.com\/wp-content\/uploads\/2025\/12\/thumbnail_34fe899d-ea13-4f87-9b86-005649cc3ca0-300x289.jpg\" alt=\"\" class=\"wp-image-97\" style=\"aspect-ratio:1\" srcset=\"https:\/\/romainbrunet.com\/wp-content\/uploads\/2025\/12\/thumbnail_34fe899d-ea13-4f87-9b86-005649cc3ca0-300x289.jpg 300w, https:\/\/romainbrunet.com\/wp-content\/uploads\/2025\/12\/thumbnail_34fe899d-ea13-4f87-9b86-005649cc3ca0-1024x986.jpg 1024w, https:\/\/romainbrunet.com\/wp-content\/uploads\/2025\/12\/thumbnail_34fe899d-ea13-4f87-9b86-005649cc3ca0-768x740.jpg 768w, https:\/\/romainbrunet.com\/wp-content\/uploads\/2025\/12\/thumbnail_34fe899d-ea13-4f87-9b86-005649cc3ca0.jpg 1200w\" sizes=\"auto, (max-width: 300px) 100vw, 300px\" \/><\/figure>\n\n\n\n<figure class=\"wp-block-image size-medium\"><img loading=\"lazy\" decoding=\"async\" width=\"200\" height=\"300\" data-id=\"268\" src=\"https:\/\/romainbrunet.com\/wp-content\/uploads\/2026\/01\/image_750ko-200x300.jpg\" alt=\"\" class=\"wp-image-268\" style=\"aspect-ratio:1\" srcset=\"https:\/\/romainbrunet.com\/wp-content\/uploads\/2026\/01\/image_750ko-200x300.jpg 200w, https:\/\/romainbrunet.com\/wp-content\/uploads\/2026\/01\/image_750ko-683x1024.jpg 683w, https:\/\/romainbrunet.com\/wp-content\/uploads\/2026\/01\/image_750ko-768x1152.jpg 768w, https:\/\/romainbrunet.com\/wp-content\/uploads\/2026\/01\/image_750ko.jpg 1024w\" sizes=\"auto, (max-width: 200px) 100vw, 200px\" \/><\/figure>\n\n\n\n<figure class=\"wp-block-image size-medium\"><img loading=\"lazy\" decoding=\"async\" width=\"300\" height=\"169\" data-id=\"113\" src=\"https:\/\/romainbrunet.com\/wp-content\/uploads\/2025\/12\/IMG_8240-300x169.jpg\" alt=\"\" class=\"wp-image-113\" style=\"aspect-ratio:1\" srcset=\"https:\/\/romainbrunet.com\/wp-content\/uploads\/2025\/12\/IMG_8240-300x169.jpg 300w, https:\/\/romainbrunet.com\/wp-content\/uploads\/2025\/12\/IMG_8240-1024x576.jpg 1024w, https:\/\/romainbrunet.com\/wp-content\/uploads\/2025\/12\/IMG_8240-768x432.jpg 768w, https:\/\/romainbrunet.com\/wp-content\/uploads\/2025\/12\/IMG_8240-1536x864.jpg 1536w, https:\/\/romainbrunet.com\/wp-content\/uploads\/2025\/12\/IMG_8240-2048x1152.jpg 2048w\" sizes=\"auto, (max-width: 300px) 100vw, 300px\" \/><\/figure>\n<\/figure>\n\n\n\n<p class=\"has-text-align-center\">En fonction de vos envies nous pourrons d\u00e9finir ensemble un th\u00e8me ou laisser les histoires venir telles qu&#8217;elles se pr\u00e9sentent.<\/p>\n\n\n\n<h2 class=\"wp-block-heading\">Les th\u00e8mes possibles<\/h2>\n\n\n\n<ul class=\"wp-block-list\">\n<li>&#8220;Monogatari&#8221; (contes du Japon)<\/li>\n\n\n\n<li>Les murmures de la Nature (contes \u00e9tiologiques autour du vivant)<\/li>\n\n\n\n<li>Les histoires du Dauphin\u00e9 (contes traditionnels du Dauphin\u00e9)<\/li>\n\n\n\n<li>Les contes du Nord (contes vikings &amp; inuits)<\/li>\n\n\n\n<li>P\u00e9piements et autres gazouillis (contes autour des oiseaux)<\/li>\n\n\n\n<li>Nasreddine, le fou qui \u00e9tait sage (contes de sagesse du Moyen-Orient)<\/li>\n<\/ul>\n\n\n\n<p><\/p>\n\n\n\n<h2 class=\"wp-block-heading\">Quelques contes&#8230;<\/h2>\n\n\n\n<p>A venir&#8230;<\/p>\n\n\n\n\n\n\n\n<h2 class=\"wp-block-heading\">Tarifs<\/h2>\n\n\n\n<p>A partir de 150\u20ac la demie-journ\u00e9e ou la soir\u00e9e.<\/p>\n\n\n\n\n\n<h2 class=\"wp-block-heading has-text-align-center\">Formation &#8211; devenir conteur<\/h2>\n\n\n\n<p class=\"has-text-align-center\">Date et lieu \u00e0 venir &#8211; printemps 2026<\/p>\n","protected":false},"excerpt":{"rendered":"<p>Bien avant l\u2019\u00e9criture, le conte fait partie de notre histoire commune. Raconter des histoires, c\u2019est&hellip;<\/p>\n","protected":false},"author":1,"featured_media":0,"parent":0,"menu_order":0,"comment_status":"closed","ping_status":"closed","template":"","meta":{"footnotes":""},"class_list":["post-21","page","type-page","status-publish","hentry"],"_links":{"self":[{"href":"https:\/\/romainbrunet.com\/index.php\/wp-json\/wp\/v2\/pages\/21","targetHints":{"allow":["GET"]}}],"collection":[{"href":"https:\/\/romainbrunet.com\/index.php\/wp-json\/wp\/v2\/pages"}],"about":[{"href":"https:\/\/romainbrunet.com\/index.php\/wp-json\/wp\/v2\/types\/page"}],"author":[{"embeddable":true,"href":"https:\/\/romainbrunet.com\/index.php\/wp-json\/wp\/v2\/users\/1"}],"replies":[{"embeddable":true,"href":"https:\/\/romainbrunet.com\/index.php\/wp-json\/wp\/v2\/comments?post=21"}],"version-history":[{"count":34,"href":"https:\/\/romainbrunet.com\/index.php\/wp-json\/wp\/v2\/pages\/21\/revisions"}],"predecessor-version":[{"id":288,"href":"https:\/\/romainbrunet.com\/index.php\/wp-json\/wp\/v2\/pages\/21\/revisions\/288"}],"wp:attachment":[{"href":"https:\/\/romainbrunet.com\/index.php\/wp-json\/wp\/v2\/media?parent=21"}],"curies":[{"name":"wp","href":"https:\/\/api.w.org\/{rel}","templated":true}]}}