{"id":186,"date":"2025-12-05T14:54:15","date_gmt":"2025-12-05T14:54:15","guid":{"rendered":"https:\/\/romainbrunet.com\/?page_id=186"},"modified":"2026-01-04T21:06:39","modified_gmt":"2026-01-04T21:06:39","slug":"education-a-lenvironnement","status":"publish","type":"page","link":"https:\/\/romainbrunet.com\/index.php\/education-a-lenvironnement\/","title":{"rendered":"\u00c9ducation \u00e0 l&#8217;environnement"},"content":{"rendered":"\n<p class=\"has-text-align-center\">Vous \u00eates une \u00e9cole ou un centre d&#8217;h\u00e9bergement et vous avez un projet p\u00e9dagogique ? Contactez-moi pour organiser des sorties en pleine nature. Le temps se partage entre marche et d\u00e9couverte du milieu, \u00e0 travers ce que nous trouvons sur notre chemin, mais aussi par des ateliers, des jeux, des contes.<\/p>\n\n\n\n<p class=\"has-text-align-center\">Les sorties sont adapt\u00e9 pour tous les \u00e2ges, de la petite section de maternelle aux adultes. Les itin\u00e9raires choisis et les th\u00e8mes abord\u00e9s sont vari\u00e9 et adapt\u00e9 au public. Exemples : la faune, la flore, le cycle de l&#8217;eau, les saisons, l&#8217;arbre, le patrimoine humain, l\u2019agriculture&#8230;<\/p>\n\n\n\n<p class=\"has-text-align-center\">L&#8217;intervention peut \u00e9galement se faire en salle (si la m\u00e9t\u00e9o n&#8217;est pas au rendez-vous par exemple).<\/p>\n\n\n\n<p class=\"has-text-align-center\">J&#8217;interviens en r\u00e9gion AURA et Occitanie. Je d\u00e9tiens \u00e9galement l&#8217;agr\u00e9ment pour intervenir sur les ENS (Espaces Naturels Sensibles) du d\u00e9partement de l&#8217;Is\u00e8re.<\/p>\n\n\n\n<h2 class=\"wp-block-heading\">Tarifs<\/h2>\n\n\n\n<figure class=\"wp-block-table aligncenter\"><table class=\"has-fixed-layout\"><tbody><tr><td class=\"has-text-align-center\" data-align=\"center\">Demi-journ\u00e9e (matin\u00e9e ou apr\u00e8s-midi)<\/td><td class=\"has-text-align-center\" data-align=\"center\">160 \u20ac<\/td><\/tr><tr><td class=\"has-text-align-center\" data-align=\"center\">Journ\u00e9e<\/td><td class=\"has-text-align-center\" data-align=\"center\">260 \u20ac<\/td><\/tr><\/tbody><\/table><figcaption class=\"wp-element-caption\">En fonction de vos moyens et de vos projets, un tarif solidaire peut \u00eatre mis en place. Contactez-moi pour en discuter.<\/figcaption><\/figure>\n\n\n\n<p><\/p>\n\n\n\n<figure class=\"wp-block-gallery has-nested-images columns-default is-cropped wp-block-gallery-1 is-layout-flex wp-block-gallery-is-layout-flex\">\n<figure class=\"wp-block-image aligncenter size-large is-style-default\"><img loading=\"lazy\" decoding=\"async\" width=\"982\" height=\"1024\" data-id=\"271\" src=\"https:\/\/romainbrunet.com\/wp-content\/uploads\/2026\/01\/photo_floutee_visage_precis_300ko-982x1024.jpg\" alt=\"\" class=\"wp-image-271\" style=\"aspect-ratio:1\" srcset=\"https:\/\/romainbrunet.com\/wp-content\/uploads\/2026\/01\/photo_floutee_visage_precis_300ko-982x1024.jpg 982w, https:\/\/romainbrunet.com\/wp-content\/uploads\/2026\/01\/photo_floutee_visage_precis_300ko-288x300.jpg 288w, https:\/\/romainbrunet.com\/wp-content\/uploads\/2026\/01\/photo_floutee_visage_precis_300ko-768x801.jpg 768w, https:\/\/romainbrunet.com\/wp-content\/uploads\/2026\/01\/photo_floutee_visage_precis_300ko.jpg 1124w\" sizes=\"auto, (max-width: 982px) 100vw, 982px\" \/><\/figure>\n\n\n\n<figure class=\"wp-block-image size-large\"><img loading=\"lazy\" decoding=\"async\" width=\"1024\" height=\"768\" data-id=\"179\" src=\"https:\/\/romainbrunet.com\/wp-content\/uploads\/2025\/12\/thumbnail_IMG_6916-1024x768.jpg\" alt=\"\" class=\"wp-image-179\" style=\"aspect-ratio:1\" srcset=\"https:\/\/romainbrunet.com\/wp-content\/uploads\/2025\/12\/thumbnail_IMG_6916-1024x768.jpg 1024w, https:\/\/romainbrunet.com\/wp-content\/uploads\/2025\/12\/thumbnail_IMG_6916-300x225.jpg 300w, https:\/\/romainbrunet.com\/wp-content\/uploads\/2025\/12\/thumbnail_IMG_6916-768x576.jpg 768w, https:\/\/romainbrunet.com\/wp-content\/uploads\/2025\/12\/thumbnail_IMG_6916.jpg 1357w\" sizes=\"auto, (max-width: 1024px) 100vw, 1024px\" \/><\/figure>\n\n\n\n<figure class=\"wp-block-image aligncenter size-large\"><img loading=\"lazy\" decoding=\"async\" width=\"845\" height=\"1024\" data-id=\"273\" src=\"https:\/\/romainbrunet.com\/wp-content\/uploads\/2026\/01\/thumbnail_ff3beff2-a0dc-46f6-85db-376999dfe891-copie-845x1024.jpg\" alt=\"\" class=\"wp-image-273\" style=\"aspect-ratio:1\" srcset=\"https:\/\/romainbrunet.com\/wp-content\/uploads\/2026\/01\/thumbnail_ff3beff2-a0dc-46f6-85db-376999dfe891-copie-845x1024.jpg 845w, https:\/\/romainbrunet.com\/wp-content\/uploads\/2026\/01\/thumbnail_ff3beff2-a0dc-46f6-85db-376999dfe891-copie-248x300.jpg 248w, https:\/\/romainbrunet.com\/wp-content\/uploads\/2026\/01\/thumbnail_ff3beff2-a0dc-46f6-85db-376999dfe891-copie-768x931.jpg 768w, https:\/\/romainbrunet.com\/wp-content\/uploads\/2026\/01\/thumbnail_ff3beff2-a0dc-46f6-85db-376999dfe891-copie.jpg 1094w\" sizes=\"auto, (max-width: 845px) 100vw, 845px\" \/><\/figure>\n\n\n\n<figure class=\"wp-block-image size-full\"><img loading=\"lazy\" decoding=\"async\" width=\"914\" height=\"1024\" data-id=\"274\" src=\"https:\/\/romainbrunet.com\/wp-content\/uploads\/2026\/01\/thumbnail_IMG_4390-914x1024_copie.jpg\" alt=\"\" class=\"wp-image-274\" style=\"aspect-ratio:1\" srcset=\"https:\/\/romainbrunet.com\/wp-content\/uploads\/2026\/01\/thumbnail_IMG_4390-914x1024_copie.jpg 914w, https:\/\/romainbrunet.com\/wp-content\/uploads\/2026\/01\/thumbnail_IMG_4390-914x1024_copie-268x300.jpg 268w, https:\/\/romainbrunet.com\/wp-content\/uploads\/2026\/01\/thumbnail_IMG_4390-914x1024_copie-768x860.jpg 768w\" sizes=\"auto, (max-width: 914px) 100vw, 914px\" \/><\/figure>\n\n\n\n<figure class=\"wp-block-image size-large\"><img loading=\"lazy\" decoding=\"async\" width=\"910\" height=\"1024\" data-id=\"176\" src=\"https:\/\/romainbrunet.com\/wp-content\/uploads\/2025\/12\/thumbnail_IMG_4386-910x1024.jpg\" alt=\"\" class=\"wp-image-176\" style=\"aspect-ratio:1\" srcset=\"https:\/\/romainbrunet.com\/wp-content\/uploads\/2025\/12\/thumbnail_IMG_4386-910x1024.jpg 910w, https:\/\/romainbrunet.com\/wp-content\/uploads\/2025\/12\/thumbnail_IMG_4386-267x300.jpg 267w, https:\/\/romainbrunet.com\/wp-content\/uploads\/2025\/12\/thumbnail_IMG_4386-768x864.jpg 768w, https:\/\/romainbrunet.com\/wp-content\/uploads\/2025\/12\/thumbnail_IMG_4386.jpg 1086w\" sizes=\"auto, (max-width: 910px) 100vw, 910px\" \/><\/figure>\n\n\n\n<figure class=\"wp-block-image size-large\"><img loading=\"lazy\" decoding=\"async\" width=\"781\" height=\"1024\" data-id=\"175\" src=\"https:\/\/romainbrunet.com\/wp-content\/uploads\/2025\/12\/thumbnail_7057dfab-39a1-4401-8c26-226ab1cd165d-781x1024.jpg\" alt=\"\" class=\"wp-image-175\" style=\"aspect-ratio:1\" srcset=\"https:\/\/romainbrunet.com\/wp-content\/uploads\/2025\/12\/thumbnail_7057dfab-39a1-4401-8c26-226ab1cd165d-781x1024.jpg 781w, https:\/\/romainbrunet.com\/wp-content\/uploads\/2025\/12\/thumbnail_7057dfab-39a1-4401-8c26-226ab1cd165d-229x300.jpg 229w, https:\/\/romainbrunet.com\/wp-content\/uploads\/2025\/12\/thumbnail_7057dfab-39a1-4401-8c26-226ab1cd165d-768x1007.jpg 768w, https:\/\/romainbrunet.com\/wp-content\/uploads\/2025\/12\/thumbnail_7057dfab-39a1-4401-8c26-226ab1cd165d.jpg 898w\" sizes=\"auto, (max-width: 781px) 100vw, 781px\" \/><\/figure>\n\n\n\n<figure class=\"wp-block-image size-large\"><img loading=\"lazy\" decoding=\"async\" width=\"484\" height=\"1024\" data-id=\"172\" src=\"https:\/\/romainbrunet.com\/wp-content\/uploads\/2025\/12\/CCGL6476-484x1024.jpg\" alt=\"\" class=\"wp-image-172\" style=\"aspect-ratio:1\" srcset=\"https:\/\/romainbrunet.com\/wp-content\/uploads\/2025\/12\/CCGL6476-484x1024.jpg 484w, https:\/\/romainbrunet.com\/wp-content\/uploads\/2025\/12\/CCGL6476-142x300.jpg 142w, https:\/\/romainbrunet.com\/wp-content\/uploads\/2025\/12\/CCGL6476-727x1536.jpg 727w, https:\/\/romainbrunet.com\/wp-content\/uploads\/2025\/12\/CCGL6476.jpg 757w\" sizes=\"auto, (max-width: 484px) 100vw, 484px\" \/><\/figure>\n\n\n\n<figure class=\"wp-block-image aligncenter size-large\"><img loading=\"lazy\" decoding=\"async\" width=\"1024\" height=\"682\" data-id=\"275\" src=\"https:\/\/romainbrunet.com\/wp-content\/uploads\/2026\/01\/thumbnail_IMG_1533_copie-1024x682.jpg\" alt=\"\" class=\"wp-image-275\" style=\"aspect-ratio:1\" srcset=\"https:\/\/romainbrunet.com\/wp-content\/uploads\/2026\/01\/thumbnail_IMG_1533_copie-1024x682.jpg 1024w, https:\/\/romainbrunet.com\/wp-content\/uploads\/2026\/01\/thumbnail_IMG_1533_copie-300x200.jpg 300w, https:\/\/romainbrunet.com\/wp-content\/uploads\/2026\/01\/thumbnail_IMG_1533_copie-768x512.jpg 768w, https:\/\/romainbrunet.com\/wp-content\/uploads\/2026\/01\/thumbnail_IMG_1533_copie.jpg 1381w\" sizes=\"auto, (max-width: 1024px) 100vw, 1024px\" \/><\/figure>\n<\/figure>\n","protected":false},"excerpt":{"rendered":"<p>Vous \u00eates une \u00e9cole ou un centre d&#8217;h\u00e9bergement et vous avez un projet p\u00e9dagogique ?&hellip;<\/p>\n","protected":false},"author":1,"featured_media":0,"parent":0,"menu_order":0,"comment_status":"closed","ping_status":"closed","template":"","meta":{"footnotes":""},"class_list":["post-186","page","type-page","status-publish","hentry"],"_links":{"self":[{"href":"https:\/\/romainbrunet.com\/index.php\/wp-json\/wp\/v2\/pages\/186","targetHints":{"allow":["GET"]}}],"collection":[{"href":"https:\/\/romainbrunet.com\/index.php\/wp-json\/wp\/v2\/pages"}],"about":[{"href":"https:\/\/romainbrunet.com\/index.php\/wp-json\/wp\/v2\/types\/page"}],"author":[{"embeddable":true,"href":"https:\/\/romainbrunet.com\/index.php\/wp-json\/wp\/v2\/users\/1"}],"replies":[{"embeddable":true,"href":"https:\/\/romainbrunet.com\/index.php\/wp-json\/wp\/v2\/comments?post=186"}],"version-history":[{"count":21,"href":"https:\/\/romainbrunet.com\/index.php\/wp-json\/wp\/v2\/pages\/186\/revisions"}],"predecessor-version":[{"id":304,"href":"https:\/\/romainbrunet.com\/index.php\/wp-json\/wp\/v2\/pages\/186\/revisions\/304"}],"wp:attachment":[{"href":"https:\/\/romainbrunet.com\/index.php\/wp-json\/wp\/v2\/media?parent=186"}],"curies":[{"name":"wp","href":"https:\/\/api.w.org\/{rel}","templated":true}]}}